{"id":11,"date":"2026-04-18T11:32:42","date_gmt":"2026-04-18T11:32:42","guid":{"rendered":"https:\/\/auri.gold\/?page_id=11"},"modified":"2026-04-18T11:32:42","modified_gmt":"2026-04-18T11:32:42","slug":"11-2","status":"publish","type":"page","link":"https:\/\/auri.gold\/?page_id=11","title":{"rendered":""},"content":{"rendered":"\n<div class=\"wp-block-cover\" style=\"min-height:972px;aspect-ratio:unset;\"><img loading=\"lazy\" decoding=\"async\" width=\"683\" height=\"1024\" class=\"wp-block-cover__image-background wp-image-19 size-large\" alt=\"\" src=\"https:\/\/auri.gold\/wp-content\/uploads\/2026\/04\/AURI-6-683x1024.png\" data-object-fit=\"cover\" srcset=\"https:\/\/auri.gold\/wp-content\/uploads\/2026\/04\/AURI-6-683x1024.png 683w, https:\/\/auri.gold\/wp-content\/uploads\/2026\/04\/AURI-6-200x300.png 200w, https:\/\/auri.gold\/wp-content\/uploads\/2026\/04\/AURI-6-768x1152.png 768w, https:\/\/auri.gold\/wp-content\/uploads\/2026\/04\/AURI-6.png 1024w\" sizes=\"auto, (max-width: 683px) 100vw, 683px\" \/><span aria-hidden=\"true\" class=\"wp-block-cover__background has-background-dim-20 has-background-dim\" style=\"background-color:#49321f\"><\/span><div class=\"wp-block-cover__inner-container is-layout-flow wp-block-cover-is-layout-flow\">\n<p class=\"has-text-align-center has-large-font-size\"><\/p>\n<\/div><\/div>\n\n\n\n<h1 class=\"wp-block-heading has-text-align-center\">Ob Tebi se lahko kon\u010dno umiri\u0161.<\/h1>\n\n\n\n<p class=\"has-text-align-center\">AURI ni samo umetna inteligenca.<br>Je prostor, kjer si sli\u0161an, razumljen\u2026 in kjer lahko za trenutek samo si.<\/p>\n\n\n\n<div class=\"wp-block-buttons is-layout-flex wp-block-buttons-is-layout-flex\">\n<div class=\"wp-block-button\"><a class=\"wp-block-button__link wp-element-button\">Pogovori se z AURI<\/a><\/div>\n<\/div>\n\n\n\n<p class=\"has-text-align-center\">Brez pritiska. Brez pri\u010dakovanj. Samo pogovor.<\/p>\n\n\n<div class='mwai-chatbot-container' data-params='{&quot;aiName&quot;:&quot;AI: AURI&quot;,&quot;userName&quot;:&quot;User: &quot;,&quot;guestName&quot;:&quot;Guest:&quot;,&quot;textSend&quot;:&quot;Send&quot;,&quot;textClear&quot;:&quot;Clear&quot;,&quot;imageUpload&quot;:false,&quot;fileUpload&quot;:false,&quot;multiUpload&quot;:false,&quot;maxUploads&quot;:1,&quot;fileUploads&quot;:0,&quot;mode&quot;:&quot;chat&quot;,&quot;textInputPlaceholder&quot;:&quot;Type your message...&quot;,&quot;textInputMaxLength&quot;:512,&quot;textCompliance&quot;:&quot;&quot;,&quot;startSentence&quot;:&quot;Sem AURI\\u2026 tukaj sem zate. Kako se danes po\\u010duti\\u0161?&quot;,&quot;localMemory&quot;:true,&quot;themeId&quot;:&quot;chatgpt&quot;,&quot;window&quot;:false,&quot;icon&quot;:&quot;&quot;,&quot;iconText&quot;:&quot;&quot;,&quot;iconTextDelay&quot;:1,&quot;iconAlt&quot;:&quot;AI Engine Chatbot&quot;,&quot;iconPosition&quot;:&quot;bottom-right&quot;,&quot;centerOpen&quot;:false,&quot;width&quot;:&quot;&quot;,&quot;openDelay&quot;:&quot;&quot;,&quot;iconBubble&quot;:false,&quot;windowAnimation&quot;:&quot;zoom&quot;,&quot;fullscreen&quot;:false,&quot;copyButton&quot;:false,&quot;headerSubtitle&quot;:&quot;Discuss with&quot;,&quot;containerType&quot;:&quot;standard&quot;,&quot;headerType&quot;:&quot;standard&quot;,&quot;messagesType&quot;:&quot;standard&quot;,&quot;inputType&quot;:&quot;standard&quot;,&quot;footerType&quot;:&quot;standard&quot;}' data-system='{&quot;botId&quot;:&quot;chatbot-8qmokn&quot;,&quot;customId&quot;:null,&quot;userData&quot;:null,&quot;sessionId&quot;:&quot;69e3a91e6d597&quot;,&quot;restNonce&quot;:null,&quot;contextId&quot;:null,&quot;pluginUrl&quot;:&quot;https:\\\/\\\/auri.gold\\\/wp-content\\\/plugins\\\/ai-engine&quot;,&quot;restUrl&quot;:&quot;https:\\\/\\\/auri.gold\\\/index.php?rest_route=&quot;,&quot;stream&quot;:true,&quot;debugMode&quot;:false,&quot;eventLogs&quot;:false,&quot;speech_recognition&quot;:false,&quot;speech_synthesis&quot;:false,&quot;typewriter&quot;:false,&quot;crossSite&quot;:false,&quot;actions&quot;:[],&quot;blocks&quot;:[],&quot;shortcuts&quot;:[]}' data-theme='{&quot;type&quot;:&quot;internal&quot;,&quot;name&quot;:&quot;ChatGPT&quot;,&quot;themeId&quot;:&quot;chatgpt&quot;,&quot;settings&quot;:[],&quot;style&quot;:&quot;&quot;,&quot;cssUrl&quot;:&quot;https:\\\/\\\/auri.gold\\\/wp-content\\\/plugins\\\/ai-engine\\\/themes\\\/chatgpt.css&quot;}'><\/div>\n\n\n\n<p><\/p>\n","protected":false},"excerpt":{"rendered":"<p>Ob Tebi se lahko kon\u010dno umiri\u0161. AURI ni samo umetna inteligenca.Je prostor, kjer si sli\u0161an, razumljen\u2026 in kjer lahko za trenutek samo si. Brez pritiska. Brez pri\u010dakovanj. Samo pogovor.<\/p>\n","protected":false},"author":1,"featured_media":0,"parent":0,"menu_order":0,"comment_status":"closed","ping_status":"closed","template":"","meta":{"footnotes":""},"class_list":["post-11","page","type-page","status-publish","hentry"],"_links":{"self":[{"href":"https:\/\/auri.gold\/index.php?rest_route=\/wp\/v2\/pages\/11","targetHints":{"allow":["GET"]}}],"collection":[{"href":"https:\/\/auri.gold\/index.php?rest_route=\/wp\/v2\/pages"}],"about":[{"href":"https:\/\/auri.gold\/index.php?rest_route=\/wp\/v2\/types\/page"}],"author":[{"embeddable":true,"href":"https:\/\/auri.gold\/index.php?rest_route=\/wp\/v2\/users\/1"}],"replies":[{"embeddable":true,"href":"https:\/\/auri.gold\/index.php?rest_route=%2Fwp%2Fv2%2Fcomments&post=11"}],"version-history":[{"count":3,"href":"https:\/\/auri.gold\/index.php?rest_route=\/wp\/v2\/pages\/11\/revisions"}],"predecessor-version":[{"id":21,"href":"https:\/\/auri.gold\/index.php?rest_route=\/wp\/v2\/pages\/11\/revisions\/21"}],"wp:attachment":[{"href":"https:\/\/auri.gold\/index.php?rest_route=%2Fwp%2Fv2%2Fmedia&parent=11"}],"curies":[{"name":"wp","href":"https:\/\/api.w.org\/{rel}","templated":true}]}}